{"id":4196,"date":"2024-11-20T10:50:13","date_gmt":"2024-11-20T09:50:13","guid":{"rendered":"https:\/\/tontonmaboule.fr\/?page_id=4196"},"modified":"2026-04-30T21:04:59","modified_gmt":"2026-04-30T19:04:59","slug":"nos-boutiques","status":"publish","type":"page","link":"https:\/\/tontonmaboule.fr\/?page_id=4196","title":{"rendered":"Nos boutiques"},"content":{"rendered":"\t\t<div data-elementor-type=\"wp-page\" data-elementor-id=\"4196\" class=\"elementor elementor-4196\" data-elementor-settings=\"{&quot;ha_cmc_init_switcher&quot;:&quot;no&quot;}\">\n\t\t\t\t<div class=\"elementor-element elementor-element-1eea2cef e-con-full e-flex wpr-particle-no wpr-jarallax-no wpr-parallax-no wpr-sticky-section-no e-con e-parent\" data-id=\"1eea2cef\" data-element_type=\"container\" data-settings=\"{&quot;background_background&quot;:&quot;classic&quot;,&quot;_ha_eqh_enable&quot;:false}\">\n\t\t<div class=\"elementor-element elementor-element-37b8aa43 e-con-full e-flex wpr-particle-no wpr-jarallax-no wpr-parallax-no wpr-sticky-section-no e-con e-child\" data-id=\"37b8aa43\" data-element_type=\"container\" data-settings=\"{&quot;background_background&quot;:&quot;classic&quot;,&quot;_ha_eqh_enable&quot;:false}\">\n\t\t\t\t<div class=\"elementor-element elementor-element-1aa92b3b elementor-widget elementor-widget-image\" data-id=\"1aa92b3b\" data-element_type=\"widget\" data-widget_type=\"image.default\">\n\t\t\t\t<div class=\"elementor-widget-container\">\n\t\t\t\t\t\t\t\t\t\t\t\t\t\t\t<img decoding=\"async\" width=\"100\" height=\"100\" src=\"https:\/\/tontonmaboule.fr\/wp-content\/uploads\/2024\/11\/cornet-de-glace-100x100.png\" class=\"attachment-woocommerce_gallery_thumbnail size-woocommerce_gallery_thumbnail wp-image-3873\" alt=\"\" srcset=\"https:\/\/tontonmaboule.fr\/wp-content\/uploads\/2024\/11\/cornet-de-glace-100x100.png 100w, https:\/\/tontonmaboule.fr\/wp-content\/uploads\/2024\/11\/cornet-de-glace-300x300.png 300w, https:\/\/tontonmaboule.fr\/wp-content\/uploads\/2024\/11\/cornet-de-glace-150x150.png 150w, https:\/\/tontonmaboule.fr\/wp-content\/uploads\/2024\/11\/cornet-de-glace-250x250.png 250w, https:\/\/tontonmaboule.fr\/wp-content\/uploads\/2024\/11\/cornet-de-glace-400x400.png 400w, https:\/\/tontonmaboule.fr\/wp-content\/uploads\/2024\/11\/cornet-de-glace.png 512w\" sizes=\"(max-width: 100px) 100vw, 100px\" \/>\t\t\t\t\t\t\t\t\t\t\t\t\t\t\t<\/div>\n\t\t\t\t<\/div>\n\t\t\t\t<div class=\"elementor-element elementor-element-3a4356f6 elementor-widget elementor-widget-heading\" data-id=\"3a4356f6\" data-element_type=\"widget\" data-widget_type=\"heading.default\">\n\t\t\t\t<div class=\"elementor-widget-container\">\n\t\t\t\t\t<h2 class=\"elementor-heading-title elementor-size-default\">Nos boutiques<\/h2>\t\t\t\t<\/div>\n\t\t\t\t<\/div>\n\t\t\t\t<div class=\"elementor-element elementor-element-47183211 elementor-widget elementor-widget-image\" data-id=\"47183211\" data-element_type=\"widget\" data-widget_type=\"image.default\">\n\t\t\t\t<div class=\"elementor-widget-container\">\n\t\t\t\t\t\t\t\t\t\t\t\t\t\t\t<img decoding=\"async\" width=\"100\" height=\"100\" src=\"https:\/\/tontonmaboule.fr\/wp-content\/uploads\/2024\/11\/cornet-de-glace-100x100.png\" class=\"attachment-woocommerce_gallery_thumbnail size-woocommerce_gallery_thumbnail wp-image-3873\" alt=\"\" srcset=\"https:\/\/tontonmaboule.fr\/wp-content\/uploads\/2024\/11\/cornet-de-glace-100x100.png 100w, https:\/\/tontonmaboule.fr\/wp-content\/uploads\/2024\/11\/cornet-de-glace-300x300.png 300w, https:\/\/tontonmaboule.fr\/wp-content\/uploads\/2024\/11\/cornet-de-glace-150x150.png 150w, https:\/\/tontonmaboule.fr\/wp-content\/uploads\/2024\/11\/cornet-de-glace-250x250.png 250w, https:\/\/tontonmaboule.fr\/wp-content\/uploads\/2024\/11\/cornet-de-glace-400x400.png 400w, https:\/\/tontonmaboule.fr\/wp-content\/uploads\/2024\/11\/cornet-de-glace.png 512w\" sizes=\"(max-width: 100px) 100vw, 100px\" \/>\t\t\t\t\t\t\t\t\t\t\t\t\t\t\t<\/div>\n\t\t\t\t<\/div>\n\t\t\t\t<\/div>\n\t\t\t\t<\/div>\n\t\t<div class=\"elementor-element elementor-element-76e4a212 e-con-full e-flex wpr-particle-no wpr-jarallax-no wpr-parallax-no wpr-sticky-section-no e-con e-parent\" data-id=\"76e4a212\" data-element_type=\"container\" data-settings=\"{&quot;background_background&quot;:&quot;classic&quot;,&quot;_ha_eqh_enable&quot;:false}\">\n\t\t\t\t<div class=\"elementor-element elementor-element-7b35aa2d elementor-widget elementor-widget-google_maps\" data-id=\"7b35aa2d\" data-element_type=\"widget\" data-widget_type=\"google_maps.default\">\n\t\t\t\t<div class=\"elementor-widget-container\">\n\t\t\t\t\t\t\t<div class=\"elementor-custom-embed\">\n\t\t\t<iframe loading=\"lazy\"\n\t\t\t\t\tsrc=\"https:\/\/maps.google.com\/maps?q=Tonton%20maboule&#038;t=m&#038;z=10&#038;output=embed&#038;iwloc=near\"\n\t\t\t\t\ttitle=\"Tonton maboule\"\n\t\t\t\t\taria-label=\"Tonton maboule\"\n\t\t\t><\/iframe>\n\t\t<\/div>\n\t\t\t\t\t\t<\/div>\n\t\t\t\t<\/div>\n\t\t\t\t<\/div>\n\t\t<div class=\"elementor-element elementor-element-206c9a7a e-con-full e-flex wpr-particle-no wpr-jarallax-no wpr-parallax-no wpr-sticky-section-no e-con e-parent\" data-id=\"206c9a7a\" data-element_type=\"container\" data-settings=\"{&quot;background_background&quot;:&quot;classic&quot;,&quot;_ha_eqh_enable&quot;:false}\">\n\t\t<div class=\"elementor-element elementor-element-37ddb08e e-con-full e-flex wpr-particle-no wpr-jarallax-no wpr-parallax-no wpr-sticky-section-no e-con e-child\" data-id=\"37ddb08e\" data-element_type=\"container\" data-settings=\"{&quot;_ha_eqh_enable&quot;:false}\">\n\t\t\t\t<div class=\"elementor-element elementor-element-670b6164 elementor-widget-tablet__width-initial elementor-widget__width-initial elementor-widget elementor-widget-image\" data-id=\"670b6164\" data-element_type=\"widget\" data-widget_type=\"image.default\">\n\t\t\t\t<div class=\"elementor-widget-container\">\n\t\t\t\t\t\t\t\t\t\t\t\t\t\t\t<img fetchpriority=\"high\" decoding=\"async\" width=\"960\" height=\"640\" src=\"https:\/\/tontonmaboule.fr\/wp-content\/uploads\/2024\/11\/FQ1A9343-min-scaled-1-1024x683.jpg\" class=\"attachment-large size-large wp-image-4232\" alt=\"\" srcset=\"https:\/\/tontonmaboule.fr\/wp-content\/uploads\/2024\/11\/FQ1A9343-min-scaled-1-1024x683.jpg 1024w, https:\/\/tontonmaboule.fr\/wp-content\/uploads\/2024\/11\/FQ1A9343-min-scaled-1-300x200.jpg 300w, https:\/\/tontonmaboule.fr\/wp-content\/uploads\/2024\/11\/FQ1A9343-min-scaled-1-768x512.jpg 768w, https:\/\/tontonmaboule.fr\/wp-content\/uploads\/2024\/11\/FQ1A9343-min-scaled-1-1536x1024.jpg 1536w, https:\/\/tontonmaboule.fr\/wp-content\/uploads\/2024\/11\/FQ1A9343-min-scaled-1-2048x1366.jpg 2048w, https:\/\/tontonmaboule.fr\/wp-content\/uploads\/2024\/11\/FQ1A9343-min-scaled-1-400x267.jpg 400w\" sizes=\"(max-width: 960px) 100vw, 960px\" \/>\t\t\t\t\t\t\t\t\t\t\t\t\t\t\t<\/div>\n\t\t\t\t<\/div>\n\t\t\t\t<\/div>\n\t\t<div class=\"elementor-element elementor-element-1d3159c1 e-con-full e-flex wpr-particle-no wpr-jarallax-no wpr-parallax-no wpr-sticky-section-no e-con e-child\" data-id=\"1d3159c1\" data-element_type=\"container\" data-settings=\"{&quot;_ha_eqh_enable&quot;:false}\">\n\t\t<div class=\"elementor-element elementor-element-1c07d69a e-con-full e-flex wpr-particle-no wpr-jarallax-no wpr-parallax-no wpr-sticky-section-no e-con e-child\" data-id=\"1c07d69a\" data-element_type=\"container\" data-settings=\"{&quot;background_background&quot;:&quot;classic&quot;,&quot;_ha_eqh_enable&quot;:false}\">\n\t\t\t\t<div class=\"elementor-element elementor-element-5a607d82 ha-has-bg-overlay elementor-widget elementor-widget-heading\" data-id=\"5a607d82\" data-element_type=\"widget\" data-widget_type=\"heading.default\">\n\t\t\t\t<div class=\"elementor-widget-container\">\n\t\t\t\t\t<h2 class=\"elementor-heading-title elementor-size-default\"><a href=\"https:\/\/tontonmaboule.fr\/?page_id=1301\">Les Minimes<\/a><\/h2>\t\t\t\t<\/div>\n\t\t\t\t<\/div>\n\t\t\t\t<div class=\"elementor-element elementor-element-62fc5e91 elementor-widget elementor-widget-text-editor\" data-id=\"62fc5e91\" data-element_type=\"widget\" data-widget_type=\"text-editor.default\">\n\t\t\t\t<div class=\"elementor-widget-container\">\n\t\t\t\t\t\t\t\t\t<p>L&rsquo;originale<\/p>\t\t\t\t\t\t\t\t<\/div>\n\t\t\t\t<\/div>\n\t\t\t\t<\/div>\n\t\t<div class=\"elementor-element elementor-element-14164886 e-con-full e-flex wpr-particle-no wpr-jarallax-no wpr-parallax-no wpr-sticky-section-no e-con e-child\" data-id=\"14164886\" data-element_type=\"container\" data-settings=\"{&quot;_ha_eqh_enable&quot;:false}\">\n\t\t\t\t<div class=\"elementor-element elementor-element-518852ab ha-has-bg-overlay elementor-widget elementor-widget-text-editor\" data-id=\"518852ab\" data-element_type=\"widget\" data-widget_type=\"text-editor.default\">\n\t\t\t\t<div class=\"elementor-widget-container\">\n\t\t\t\t\t\t\t\t\t<p>48 Avenue du Lazaret galerie marchande des Minimes, Av. du Lazaret,<\/p><p>17000 La Rochelle<\/p>\t\t\t\t\t\t\t\t<\/div>\n\t\t\t\t<\/div>\n\t\t\t\t<div class=\"elementor-element elementor-element-2385a823 ha-has-bg-overlay elementor-widget elementor-widget-text-editor\" data-id=\"2385a823\" data-element_type=\"widget\" data-widget_type=\"text-editor.default\">\n\t\t\t\t<div class=\"elementor-widget-container\">\n\t\t\t\t\t\t\t\t\t<h2>Ouverture 7\/7<\/h2><h2>13h-19h<\/h2><h3>\u00a0<\/h3><p>Glaces en pot ou en cornet<\/p><p>Litres et demi litres<\/p><p>Milshakes et granit\u00e9s<\/p><p>Caf\u00e9<\/p><p>Canettes<\/p><p>Brioches glac\u00e9es<\/p><p>Chantilly<\/p>\t\t\t\t\t\t\t\t<\/div>\n\t\t\t\t<\/div>\n\t\t\t\t<\/div>\n\t\t\t\t<\/div>\n\t\t\t\t<\/div>\n\t\t<div class=\"elementor-element elementor-element-52b369ab e-con-full e-flex wpr-particle-no wpr-jarallax-no wpr-parallax-no wpr-sticky-section-no e-con e-parent\" data-id=\"52b369ab\" data-element_type=\"container\" data-settings=\"{&quot;background_background&quot;:&quot;classic&quot;,&quot;_ha_eqh_enable&quot;:false}\">\n\t\t\t\t<div class=\"elementor-element elementor-element-1169fca7 elementor-align-justify elementor-widget elementor-widget-button\" data-id=\"1169fca7\" data-element_type=\"widget\" data-widget_type=\"button.default\">\n\t\t\t\t<div class=\"elementor-widget-container\">\n\t\t\t\t\t\t\t\t\t<div class=\"elementor-button-wrapper\">\n\t\t\t\t\t<a class=\"elementor-button elementor-button-link elementor-size-sm elementor-animation-grow\" href=\"https:\/\/tontonmaboule.fr\/?page_id=4702\">\n\t\t\t\t\t\t<span class=\"elementor-button-content-wrapper\">\n\t\t\t\t\t\t<span class=\"elementor-button-icon\">\n\t\t\t\t<i aria-hidden=\"true\" class=\"fas fa-ice-cream\"><\/i>\t\t\t<\/span>\n\t\t\t\t\t\t\t\t\t<span class=\"elementor-button-text\">En direct : voir les parfums du jour<\/span>\n\t\t\t\t\t<\/span>\n\t\t\t\t\t<\/a>\n\t\t\t\t<\/div>\n\t\t\t\t\t\t\t\t<\/div>\n\t\t\t\t<\/div>\n\t\t\t\t<div class=\"elementor-element elementor-element-5c750e4e elementor-widget elementor-widget-spacer\" data-id=\"5c750e4e\" data-element_type=\"widget\" data-widget_type=\"spacer.default\">\n\t\t\t\t<div class=\"elementor-widget-container\">\n\t\t\t\t\t\t\t<div class=\"elementor-spacer\">\n\t\t\t<div class=\"elementor-spacer-inner\"><\/div>\n\t\t<\/div>\n\t\t\t\t\t\t<\/div>\n\t\t\t\t<\/div>\n\t\t\t\t<\/div>\n\t\t<div class=\"elementor-element elementor-element-26bd4a3e e-con-full e-flex wpr-particle-no wpr-jarallax-no wpr-parallax-no wpr-sticky-section-no e-con e-parent\" data-id=\"26bd4a3e\" data-element_type=\"container\" data-settings=\"{&quot;background_background&quot;:&quot;classic&quot;,&quot;_ha_eqh_enable&quot;:false}\">\n\t\t<div class=\"elementor-element elementor-element-5366e4d5 e-con-full e-flex wpr-particle-no wpr-jarallax-no wpr-parallax-no wpr-sticky-section-no e-con e-child\" data-id=\"5366e4d5\" data-element_type=\"container\" data-settings=\"{&quot;_ha_eqh_enable&quot;:false}\">\n\t\t\t\t<div class=\"elementor-element elementor-element-3d81abd5 elementor-widget-tablet__width-initial elementor-widget elementor-widget-image\" data-id=\"3d81abd5\" data-element_type=\"widget\" data-widget_type=\"image.default\">\n\t\t\t\t<div class=\"elementor-widget-container\">\n\t\t\t\t\t\t\t\t\t\t\t\t\t\t\t<img decoding=\"async\" width=\"960\" height=\"960\" src=\"https:\/\/tontonmaboule.fr\/wp-content\/uploads\/2024\/11\/FQ1A6777-min-scaled-1-1024x1024.jpg\" class=\"attachment-large size-large wp-image-4251\" alt=\"\" srcset=\"https:\/\/tontonmaboule.fr\/wp-content\/uploads\/2024\/11\/FQ1A6777-min-scaled-1-1024x1024.jpg 1024w, https:\/\/tontonmaboule.fr\/wp-content\/uploads\/2024\/11\/FQ1A6777-min-scaled-1-300x300.jpg 300w, https:\/\/tontonmaboule.fr\/wp-content\/uploads\/2024\/11\/FQ1A6777-min-scaled-1-150x150.jpg 150w, https:\/\/tontonmaboule.fr\/wp-content\/uploads\/2024\/11\/FQ1A6777-min-scaled-1-768x768.jpg 768w, https:\/\/tontonmaboule.fr\/wp-content\/uploads\/2024\/11\/FQ1A6777-min-scaled-1-1536x1536.jpg 1536w, https:\/\/tontonmaboule.fr\/wp-content\/uploads\/2024\/11\/FQ1A6777-min-scaled-1-2048x2048.jpg 2048w, https:\/\/tontonmaboule.fr\/wp-content\/uploads\/2024\/11\/FQ1A6777-min-scaled-1-250x250.jpg 250w, https:\/\/tontonmaboule.fr\/wp-content\/uploads\/2024\/11\/FQ1A6777-min-scaled-1-400x400.jpg 400w, https:\/\/tontonmaboule.fr\/wp-content\/uploads\/2024\/11\/FQ1A6777-min-scaled-1-100x100.jpg 100w\" sizes=\"(max-width: 960px) 100vw, 960px\" \/>\t\t\t\t\t\t\t\t\t\t\t\t\t\t\t<\/div>\n\t\t\t\t<\/div>\n\t\t\t\t<\/div>\n\t\t<div class=\"elementor-element elementor-element-d530033 e-con-full e-flex wpr-particle-no wpr-jarallax-no wpr-parallax-no wpr-sticky-section-no e-con e-child\" data-id=\"d530033\" data-element_type=\"container\" data-settings=\"{&quot;_ha_eqh_enable&quot;:false}\">\n\t\t<div class=\"elementor-element elementor-element-284c0e88 e-con-full e-flex wpr-particle-no wpr-jarallax-no wpr-parallax-no wpr-sticky-section-no e-con e-child\" data-id=\"284c0e88\" data-element_type=\"container\" data-settings=\"{&quot;_ha_eqh_enable&quot;:false}\">\n\t\t<div class=\"elementor-element elementor-element-200a72df e-con-full e-flex wpr-particle-no wpr-jarallax-no wpr-parallax-no wpr-sticky-section-no e-con e-child\" data-id=\"200a72df\" data-element_type=\"container\" data-settings=\"{&quot;background_background&quot;:&quot;classic&quot;,&quot;_ha_eqh_enable&quot;:false}\">\n\t\t\t\t<div class=\"elementor-element elementor-element-271af709 ha-has-bg-overlay elementor-widget elementor-widget-heading\" data-id=\"271af709\" data-element_type=\"widget\" data-widget_type=\"heading.default\">\n\t\t\t\t<div class=\"elementor-widget-container\">\n\t\t\t\t\t<h2 class=\"elementor-heading-title elementor-size-default\"><a href=\"https:\/\/tontonmaboule.fr\/?page_id=1334\">Quai Valin<\/a><\/h2>\t\t\t\t<\/div>\n\t\t\t\t<\/div>\n\t\t\t\t<div class=\"elementor-element elementor-element-536f878e elementor-widget elementor-widget-text-editor\" data-id=\"536f878e\" data-element_type=\"widget\" data-widget_type=\"text-editor.default\">\n\t\t\t\t<div class=\"elementor-widget-container\">\n\t\t\t\t\t\t\t\t\t<p>La nouvelle<\/p>\t\t\t\t\t\t\t\t<\/div>\n\t\t\t\t<\/div>\n\t\t\t\t<\/div>\n\t\t\t\t<\/div>\n\t\t<div class=\"elementor-element elementor-element-13ce1437 e-con-full e-flex wpr-particle-no wpr-jarallax-no wpr-parallax-no wpr-sticky-section-no e-con e-child\" data-id=\"13ce1437\" data-element_type=\"container\" data-settings=\"{&quot;_ha_eqh_enable&quot;:false}\">\n\t\t\t\t<div class=\"elementor-element elementor-element-6aec12bb ha-has-bg-overlay elementor-widget elementor-widget-text-editor\" data-id=\"6aec12bb\" data-element_type=\"widget\" data-widget_type=\"text-editor.default\">\n\t\t\t\t<div class=\"elementor-widget-container\">\n\t\t\t\t\t\t\t\t\t<p>3 Quai Valin, 17000 La Rochelle<\/p>\t\t\t\t\t\t\t\t<\/div>\n\t\t\t\t<\/div>\n\t\t\t\t<div class=\"elementor-element elementor-element-2193a03b elementor-widget__width-initial ha-has-bg-overlay elementor-widget elementor-widget-text-editor\" data-id=\"2193a03b\" data-element_type=\"widget\" data-widget_type=\"text-editor.default\">\n\t\t\t\t<div class=\"elementor-widget-container\">\n\t\t\t\t\t\t\t\t\t<h2>Ouvert 7\/7<\/h2><h2>10h30-23h00<\/h2><p>Glaces en pot ou en cornet<\/p><p>Litres et demi litres<\/p><p>Milshakes et granit\u00e9s<\/p><p>Caf\u00e9<\/p><p>Brioches glac\u00e9es<\/p><p>Chantilly<\/p>\t\t\t\t\t\t\t\t<\/div>\n\t\t\t\t<\/div>\n\t\t\t\t<\/div>\n\t\t\t\t<\/div>\n\t\t\t\t<\/div>\n\t\t<div class=\"elementor-element elementor-element-637c543c e-con-full e-flex wpr-particle-no wpr-jarallax-no wpr-parallax-no wpr-sticky-section-no e-con e-parent\" data-id=\"637c543c\" data-element_type=\"container\" data-settings=\"{&quot;background_background&quot;:&quot;classic&quot;,&quot;_ha_eqh_enable&quot;:false}\">\n\t\t\t\t<div class=\"elementor-element elementor-element-4e021818 elementor-align-justify elementor-widget elementor-widget-button\" data-id=\"4e021818\" data-element_type=\"widget\" data-widget_type=\"button.default\">\n\t\t\t\t<div class=\"elementor-widget-container\">\n\t\t\t\t\t\t\t\t\t<div class=\"elementor-button-wrapper\">\n\t\t\t\t\t<a class=\"elementor-button elementor-button-link elementor-size-sm elementor-animation-grow\" href=\"https:\/\/tontonmaboule.fr\/?page_id=2308\">\n\t\t\t\t\t\t<span class=\"elementor-button-content-wrapper\">\n\t\t\t\t\t\t<span class=\"elementor-button-icon\">\n\t\t\t\t<i aria-hidden=\"true\" class=\"fas fa-ice-cream\"><\/i>\t\t\t<\/span>\n\t\t\t\t\t\t\t\t\t<span class=\"elementor-button-text\">En direct : voir les parfums du jour<\/span>\n\t\t\t\t\t<\/span>\n\t\t\t\t\t<\/a>\n\t\t\t\t<\/div>\n\t\t\t\t\t\t\t\t<\/div>\n\t\t\t\t<\/div>\n\t\t\t\t<div class=\"elementor-element elementor-element-5ac65757 elementor-widget elementor-widget-spacer\" data-id=\"5ac65757\" data-element_type=\"widget\" data-widget_type=\"spacer.default\">\n\t\t\t\t<div class=\"elementor-widget-container\">\n\t\t\t\t\t\t\t<div class=\"elementor-spacer\">\n\t\t\t<div class=\"elementor-spacer-inner\"><\/div>\n\t\t<\/div>\n\t\t\t\t\t\t<\/div>\n\t\t\t\t<\/div>\n\t\t\t\t<\/div>\n\t\t<div class=\"elementor-element elementor-element-238a5522 e-con-full e-flex wpr-particle-no wpr-jarallax-no wpr-parallax-no wpr-sticky-section-no e-con e-parent\" data-id=\"238a5522\" data-element_type=\"container\" data-settings=\"{&quot;background_background&quot;:&quot;classic&quot;,&quot;_ha_eqh_enable&quot;:false}\">\n\t\t<div class=\"elementor-element elementor-element-972f72 e-con-full e-flex wpr-particle-no wpr-jarallax-no wpr-parallax-no wpr-sticky-section-no e-con e-child\" data-id=\"972f72\" data-element_type=\"container\" data-settings=\"{&quot;_ha_eqh_enable&quot;:false}\">\n\t\t\t\t<div class=\"elementor-element elementor-element-63124979 elementor-widget elementor-widget-image\" data-id=\"63124979\" data-element_type=\"widget\" data-widget_type=\"image.default\">\n\t\t\t\t<div class=\"elementor-widget-container\">\n\t\t\t\t\t\t\t\t\t\t\t\t\t\t\t<img loading=\"lazy\" decoding=\"async\" width=\"960\" height=\"782\" src=\"https:\/\/tontonmaboule.fr\/wp-content\/uploads\/2024\/11\/FQ1A9821-min-scaled-e1731662902518-1024x834.jpg\" class=\"attachment-large size-large wp-image-4273\" alt=\"\" srcset=\"https:\/\/tontonmaboule.fr\/wp-content\/uploads\/2024\/11\/FQ1A9821-min-scaled-e1731662902518-1024x834.jpg 1024w, https:\/\/tontonmaboule.fr\/wp-content\/uploads\/2024\/11\/FQ1A9821-min-scaled-e1731662902518-300x244.jpg 300w, https:\/\/tontonmaboule.fr\/wp-content\/uploads\/2024\/11\/FQ1A9821-min-scaled-e1731662902518-768x626.jpg 768w, https:\/\/tontonmaboule.fr\/wp-content\/uploads\/2024\/11\/FQ1A9821-min-scaled-e1731662902518-1536x1252.jpg 1536w, https:\/\/tontonmaboule.fr\/wp-content\/uploads\/2024\/11\/FQ1A9821-min-scaled-e1731662902518-2048x1669.jpg 2048w, https:\/\/tontonmaboule.fr\/wp-content\/uploads\/2024\/11\/FQ1A9821-min-scaled-e1731662902518-400x326.jpg 400w\" sizes=\"(max-width: 960px) 100vw, 960px\" \/>\t\t\t\t\t\t\t\t\t\t\t\t\t\t\t<\/div>\n\t\t\t\t<\/div>\n\t\t\t\t<\/div>\n\t\t<div class=\"elementor-element elementor-element-7ba2f234 e-con-full e-flex wpr-particle-no wpr-jarallax-no wpr-parallax-no wpr-sticky-section-no e-con e-child\" data-id=\"7ba2f234\" data-element_type=\"container\" data-settings=\"{&quot;_ha_eqh_enable&quot;:false}\">\n\t\t<div class=\"elementor-element elementor-element-4b2cf2aa e-con-full e-flex wpr-particle-no wpr-jarallax-no wpr-parallax-no wpr-sticky-section-no e-con e-child\" data-id=\"4b2cf2aa\" data-element_type=\"container\" data-settings=\"{&quot;_ha_eqh_enable&quot;:false}\">\n\t\t<div class=\"elementor-element elementor-element-5b1c82e3 e-con-full e-flex wpr-particle-no wpr-jarallax-no wpr-parallax-no wpr-sticky-section-no e-con e-child\" data-id=\"5b1c82e3\" data-element_type=\"container\" data-settings=\"{&quot;background_background&quot;:&quot;classic&quot;,&quot;_ha_eqh_enable&quot;:false}\">\n\t\t\t\t<div class=\"elementor-element elementor-element-4acd8e6 ha-has-bg-overlay elementor-widget elementor-widget-heading\" data-id=\"4acd8e6\" data-element_type=\"widget\" data-widget_type=\"heading.default\">\n\t\t\t\t<div class=\"elementor-widget-container\">\n\t\t\t\t\t<h2 class=\"elementor-heading-title elementor-size-default\"><a href=\"https:\/\/tontonmaboule.fr\/?page_id=4198\">Plage d'Aytr\u00e9<\/a><\/h2>\t\t\t\t<\/div>\n\t\t\t\t<\/div>\n\t\t\t\t<div class=\"elementor-element elementor-element-1c36b5ff elementor-widget elementor-widget-text-editor\" data-id=\"1c36b5ff\" data-element_type=\"widget\" data-widget_type=\"text-editor.default\">\n\t\t\t\t<div class=\"elementor-widget-container\">\n\t\t\t\t\t\t\t\t\t<p>La petite soeur<\/p>\t\t\t\t\t\t\t\t<\/div>\n\t\t\t\t<\/div>\n\t\t\t\t<\/div>\n\t\t\t\t<\/div>\n\t\t<div class=\"elementor-element elementor-element-1df8c60 e-con-full e-flex wpr-particle-no wpr-jarallax-no wpr-parallax-no wpr-sticky-section-no e-con e-child\" data-id=\"1df8c60\" data-element_type=\"container\" data-settings=\"{&quot;_ha_eqh_enable&quot;:false}\">\n\t\t\t\t<div class=\"elementor-element elementor-element-5d9c834f ha-has-bg-overlay elementor-widget elementor-widget-text-editor\" data-id=\"5d9c834f\" data-element_type=\"widget\" data-widget_type=\"text-editor.default\">\n\t\t\t\t<div class=\"elementor-widget-container\">\n\t\t\t\t\t\t\t\t\t<p>42 Chem. des Sables, 17440 Aytr\u00e9<\/p>\t\t\t\t\t\t\t\t<\/div>\n\t\t\t\t<\/div>\n\t\t\t\t<div class=\"elementor-element elementor-element-27719b5e ha-has-bg-overlay elementor-widget elementor-widget-text-editor\" data-id=\"27719b5e\" data-element_type=\"widget\" data-widget_type=\"text-editor.default\">\n\t\t\t\t<div class=\"elementor-widget-container\">\n\t\t\t\t\t\t\t\t\t<h2>Ouverture 7\/7<\/h2><h2>12h30-21h00<\/h2><p>Glaces en pot ou en cornet<\/p><p>Milshakes et granit\u00e9s<\/p><p>Canettes<\/p><p>Brioches glac\u00e9es<\/p>\t\t\t\t\t\t\t\t<\/div>\n\t\t\t\t<\/div>\n\t\t\t\t<\/div>\n\t\t\t\t<\/div>\n\t\t\t\t<\/div>\n\t\t<div class=\"elementor-element elementor-element-2a3e991e e-con-full e-flex wpr-particle-no wpr-jarallax-no wpr-parallax-no wpr-sticky-section-no e-con e-parent\" data-id=\"2a3e991e\" data-element_type=\"container\" data-settings=\"{&quot;background_background&quot;:&quot;classic&quot;,&quot;_ha_eqh_enable&quot;:false}\">\n\t\t\t\t<div class=\"elementor-element elementor-element-3c89ba85 elementor-align-justify elementor-widget elementor-widget-button\" data-id=\"3c89ba85\" data-element_type=\"widget\" data-widget_type=\"button.default\">\n\t\t\t\t<div class=\"elementor-widget-container\">\n\t\t\t\t\t\t\t\t\t<div class=\"elementor-button-wrapper\">\n\t\t\t\t\t<a class=\"elementor-button elementor-button-link elementor-size-sm elementor-animation-grow\" href=\"https:\/\/tontonmaboule.fr\/?page_id=6679\">\n\t\t\t\t\t\t<span class=\"elementor-button-content-wrapper\">\n\t\t\t\t\t\t<span class=\"elementor-button-icon\">\n\t\t\t\t<i aria-hidden=\"true\" class=\"fas fa-ice-cream\"><\/i>\t\t\t<\/span>\n\t\t\t\t\t\t\t\t\t<span class=\"elementor-button-text\">En direct : voir les parfums du jour<\/span>\n\t\t\t\t\t<\/span>\n\t\t\t\t\t<\/a>\n\t\t\t\t<\/div>\n\t\t\t\t\t\t\t\t<\/div>\n\t\t\t\t<\/div>\n\t\t\t\t<\/div>\n\t\t\t\t<\/div>\n\t\t","protected":false},"excerpt":{"rendered":"<p>Nos boutiques Les Minimes L&rsquo;originale 48 Avenue du Lazaret galerie marchande des Minimes, Av. du Lazaret, 17000 La Rochelle Ouverture 7\/7 13h-19h \u00a0 Glaces en pot ou en cornet Litres et demi litres Milshakes et granit\u00e9s Caf\u00e9 Canettes Brioches glac\u00e9es Chantilly En direct : voir les parfums du jour Quai Valin La nouvelle 3 Quai Valin, 17000 La Rochelle Ouvert 7\/7 10h30-23h00 Glaces en pot ou en cornet Litres et demi litres Milshakes et granit\u00e9s Caf\u00e9 Brioches glac\u00e9es Chantilly En direct : voir les parfums du jour Plage d&rsquo;Aytr\u00e9 La petite soeur 42 Chem. des Sables, 17440 Aytr\u00e9 Ouverture 7\/7 12h30-21h00 Glaces en pot ou en cornet Milshakes et granit\u00e9s Canettes Brioches glac\u00e9es En direct : voir les parfums du jour<\/p>\n","protected":false},"author":1,"featured_media":0,"parent":0,"menu_order":0,"comment_status":"closed","ping_status":"closed","template":"","meta":{"footnotes":""},"class_list":["post-4196","page","type-page","status-publish","hentry"],"_links":{"self":[{"href":"https:\/\/tontonmaboule.fr\/index.php?rest_route=\/wp\/v2\/pages\/4196","targetHints":{"allow":["GET"]}}],"collection":[{"href":"https:\/\/tontonmaboule.fr\/index.php?rest_route=\/wp\/v2\/pages"}],"about":[{"href":"https:\/\/tontonmaboule.fr\/index.php?rest_route=\/wp\/v2\/types\/page"}],"author":[{"embeddable":true,"href":"https:\/\/tontonmaboule.fr\/index.php?rest_route=\/wp\/v2\/users\/1"}],"replies":[{"embeddable":true,"href":"https:\/\/tontonmaboule.fr\/index.php?rest_route=%2Fwp%2Fv2%2Fcomments&post=4196"}],"version-history":[{"count":12,"href":"https:\/\/tontonmaboule.fr\/index.php?rest_route=\/wp\/v2\/pages\/4196\/revisions"}],"predecessor-version":[{"id":7746,"href":"https:\/\/tontonmaboule.fr\/index.php?rest_route=\/wp\/v2\/pages\/4196\/revisions\/7746"}],"wp:attachment":[{"href":"https:\/\/tontonmaboule.fr\/index.php?rest_route=%2Fwp%2Fv2%2Fmedia&parent=4196"}],"curies":[{"name":"wp","href":"https:\/\/api.w.org\/{rel}","templated":true}]}}