{"id":4202,"date":"2024-11-20T10:51:14","date_gmt":"2024-11-20T09:51:14","guid":{"rendered":"https:\/\/tontonmaboule.fr\/?page_id=4202"},"modified":"2024-11-20T11:32:56","modified_gmt":"2024-11-20T10:32:56","slug":"groupe","status":"publish","type":"page","link":"https:\/\/tontonmaboule.fr\/?page_id=4202","title":{"rendered":"Groupe"},"content":{"rendered":"\t\t<div data-elementor-type=\"wp-page\" data-elementor-id=\"4202\" class=\"elementor elementor-4202\" data-elementor-settings=\"{&quot;ha_cmc_init_switcher&quot;:&quot;no&quot;}\">\n\t\t\t\t<div class=\"elementor-element elementor-element-32e609ed e-con-full e-flex wpr-particle-no wpr-jarallax-no wpr-parallax-no wpr-sticky-section-no e-con e-parent\" data-id=\"32e609ed\" data-element_type=\"container\" data-settings=\"{&quot;background_background&quot;:&quot;classic&quot;,&quot;_ha_eqh_enable&quot;:false}\">\n\t\t\t\t<div class=\"elementor-element elementor-element-73f8ef97 elementor-widget-mobile__width-initial elementor-widget elementor-widget-heading\" data-id=\"73f8ef97\" data-element_type=\"widget\" data-widget_type=\"heading.default\">\n\t\t\t\t<div class=\"elementor-widget-container\">\n\t\t\t\t\t<h2 class=\"elementor-heading-title elementor-size-default\">Groupes<\/h2>\t\t\t\t<\/div>\n\t\t\t\t<\/div>\n\t\t<div class=\"elementor-element elementor-element-411b28df e-con-full e-flex wpr-particle-no wpr-jarallax-no wpr-parallax-no wpr-sticky-section-no e-con e-child\" data-id=\"411b28df\" data-element_type=\"container\" data-settings=\"{&quot;background_background&quot;:&quot;classic&quot;,&quot;_ha_eqh_enable&quot;:false}\">\n\t\t\t\t<div class=\"elementor-element elementor-element-7ea39fe3 elementor-widget__width-initial elementor-widget elementor-widget-text-editor\" data-id=\"7ea39fe3\" data-element_type=\"widget\" data-widget_type=\"text-editor.default\">\n\t\t\t\t<div class=\"elementor-widget-container\">\n\t\t\t\t\t\t\t\t\t<p>Vous \u00eates un groupe ( \u00e9cole, asso, centre de loisirs&#8230;)<\/p><p>et vous pr\u00e9voyez de venir manger une glace chez Tonton Maboule ?<\/p><p>\u00a0<\/p>\t\t\t\t\t\t\t\t<\/div>\n\t\t\t\t<\/div>\n\t\t\t\t<div class=\"elementor-element elementor-element-55fb716d elementor-widget-divider--view-line elementor-widget elementor-widget-divider\" data-id=\"55fb716d\" data-element_type=\"widget\" data-widget_type=\"divider.default\">\n\t\t\t\t<div class=\"elementor-widget-container\">\n\t\t\t\t\t\t\t<div class=\"elementor-divider\">\n\t\t\t<span class=\"elementor-divider-separator\">\n\t\t\t\t\t\t<\/span>\n\t\t<\/div>\n\t\t\t\t\t\t<\/div>\n\t\t\t\t<\/div>\n\t\t\t\t<div class=\"elementor-element elementor-element-3f6c21d7 elementor-widget__width-initial elementor-widget elementor-widget-text-editor\" data-id=\"3f6c21d7\" data-element_type=\"widget\" data-widget_type=\"text-editor.default\">\n\t\t\t\t<div class=\"elementor-widget-container\">\n\t\t\t\t\t\t\t\t\t<p>\u00a0<\/p><p>Retrouvez ci-dessous toutes les informations n\u00e9cessaires pour que votre venue se<\/p><p>passe au mieux !<\/p>\t\t\t\t\t\t\t\t<\/div>\n\t\t\t\t<\/div>\n\t\t\t\t<\/div>\n\t\t\t\t<div class=\"elementor-element elementor-element-6597ae32 elementor-widget-mobile__width-inherit elementor-widget elementor-widget-heading\" data-id=\"6597ae32\" data-element_type=\"widget\" data-widget_type=\"heading.default\">\n\t\t\t\t<div class=\"elementor-widget-container\">\n\t\t\t\t\t<h2 class=\"elementor-heading-title elementor-size-default\">A savoir :<\/h2>\t\t\t\t<\/div>\n\t\t\t\t<\/div>\n\t\t\t\t<\/div>\n\t\t<div class=\"elementor-element elementor-element-367f233a e-con-full e-flex wpr-particle-no wpr-jarallax-no wpr-parallax-no wpr-sticky-section-no e-con e-parent\" data-id=\"367f233a\" data-element_type=\"container\" data-settings=\"{&quot;background_background&quot;:&quot;classic&quot;,&quot;_ha_eqh_enable&quot;:false}\">\n\t\t\t\t<div class=\"elementor-element elementor-element-45ed0605 elementor-widget__width-initial elementor-widget-mobile__width-initial elementor-widget-tablet__width-initial ha-has-bg-overlay elementor-widget elementor-widget-text-editor\" data-id=\"45ed0605\" data-element_type=\"widget\" data-widget_type=\"text-editor.default\">\n\t\t\t\t<div class=\"elementor-widget-container\">\n\t\t\t\t\t\t\t\t\t<p>1<\/p>\t\t\t\t\t\t\t\t<\/div>\n\t\t\t\t<\/div>\n\t\t<div class=\"elementor-element elementor-element-7fa93f52 e-con-full e-flex wpr-particle-no wpr-jarallax-no wpr-parallax-no wpr-sticky-section-no e-con e-child\" data-id=\"7fa93f52\" data-element_type=\"container\" data-settings=\"{&quot;_ha_eqh_enable&quot;:false}\">\n\t\t\t\t<div class=\"elementor-element elementor-element-547d138c elementor-widget__width-initial ha-has-bg-overlay elementor-widget elementor-widget-text-editor\" data-id=\"547d138c\" data-element_type=\"widget\" data-widget_type=\"text-editor.default\">\n\t\t\t\t<div class=\"elementor-widget-container\">\n\t\t\t\t\t\t\t\t\t<p>Si vous \u00eates moins de 10 personnes, pas besoin d\u2019organisation particuli\u00e8re !<\/p>\t\t\t\t\t\t\t\t<\/div>\n\t\t\t\t<\/div>\n\t\t\t\t<\/div>\n\t\t\t\t<\/div>\n\t\t<div class=\"elementor-element elementor-element-10b167cf e-con-full e-flex wpr-particle-no wpr-jarallax-no wpr-parallax-no wpr-sticky-section-no e-con e-parent\" data-id=\"10b167cf\" data-element_type=\"container\" data-settings=\"{&quot;background_background&quot;:&quot;classic&quot;,&quot;_ha_eqh_enable&quot;:false}\">\n\t\t\t\t<div class=\"elementor-element elementor-element-462b4acb elementor-widget__width-initial elementor-widget-mobile__width-initial elementor-widget-tablet__width-initial ha-has-bg-overlay elementor-widget elementor-widget-text-editor\" data-id=\"462b4acb\" data-element_type=\"widget\" data-widget_type=\"text-editor.default\">\n\t\t\t\t<div class=\"elementor-widget-container\">\n\t\t\t\t\t\t\t\t\t<p>2<\/p>\t\t\t\t\t\t\t\t<\/div>\n\t\t\t\t<\/div>\n\t\t<div class=\"elementor-element elementor-element-28270aea e-con-full e-flex wpr-particle-no wpr-jarallax-no wpr-parallax-no wpr-sticky-section-no e-con e-child\" data-id=\"28270aea\" data-element_type=\"container\" data-settings=\"{&quot;_ha_eqh_enable&quot;:false}\">\n\t\t\t\t<div class=\"elementor-element elementor-element-64b0f4ce elementor-widget__width-initial ha-has-bg-overlay elementor-widget elementor-widget-text-editor\" data-id=\"64b0f4ce\" data-element_type=\"widget\" data-widget_type=\"text-editor.default\">\n\t\t\t\t<div class=\"elementor-widget-container\">\n\t\t\t\t\t\t\t\t\t<p>Choisissez quelle boutique vous convient le plus :<\/p><p>La boutique des Minimes poss\u00e8de <strong>2 terrasses<\/strong> et se situe \u00e0 <strong>deux pas de<\/strong><br \/><strong>la plage<\/strong>.<\/p><p>La boutique du Quai Valin <strong>n\u2019a pas de terrasse<\/strong> mais se situe en <strong>plein<\/strong><br \/><strong>centre ville<\/strong>, face au port et \u00e0 deux pas d\u2019un petit parc avec de quoi<br \/>s\u2019assoir si besoin.<\/p><p>( Les deux boutiques poss\u00e8dent des acc\u00e8s handicap\u00e9s, mais seule la<\/p><p>boutique des Minimes poss\u00e8de des toilettes. )<\/p>\t\t\t\t\t\t\t\t<\/div>\n\t\t\t\t<\/div>\n\t\t\t\t<\/div>\n\t\t\t\t<\/div>\n\t\t<div class=\"elementor-element elementor-element-30846308 e-con-full e-flex wpr-particle-no wpr-jarallax-no wpr-parallax-no wpr-sticky-section-no e-con e-parent\" data-id=\"30846308\" data-element_type=\"container\" data-settings=\"{&quot;background_background&quot;:&quot;classic&quot;,&quot;_ha_eqh_enable&quot;:false}\">\n\t\t\t\t<div class=\"elementor-element elementor-element-7e352d50 elementor-widget__width-initial elementor-widget-mobile__width-initial elementor-widget-tablet__width-initial ha-has-bg-overlay elementor-widget elementor-widget-text-editor\" data-id=\"7e352d50\" data-element_type=\"widget\" data-widget_type=\"text-editor.default\">\n\t\t\t\t<div class=\"elementor-widget-container\">\n\t\t\t\t\t\t\t\t\t<p>3<\/p>\t\t\t\t\t\t\t\t<\/div>\n\t\t\t\t<\/div>\n\t\t<div class=\"elementor-element elementor-element-43538666 e-con-full e-flex wpr-particle-no wpr-jarallax-no wpr-parallax-no wpr-sticky-section-no e-con e-child\" data-id=\"43538666\" data-element_type=\"container\" data-settings=\"{&quot;_ha_eqh_enable&quot;:false}\">\n\t\t\t\t<div class=\"elementor-element elementor-element-30a1e593 elementor-widget__width-initial ha-has-bg-overlay elementor-widget elementor-widget-text-editor\" data-id=\"30a1e593\" data-element_type=\"widget\" data-widget_type=\"text-editor.default\">\n\t\t\t\t<div class=\"elementor-widget-container\">\n\t\t\t\t\t\t\t\t\t<p>Pr\u00e9venez la boutique choisie <strong>au moins 24h avant votre venue<\/strong> pour que nos<br \/>\u00e9quipes puissent s\u2019organiser. Vous pourrez transmettre : la <strong>date et l\u2019heure<\/strong><br \/>de votre visite ( \u00e9viter les heures de rush soit 16h-18h si possible ) ainsi que le<br \/><strong>nombre de personnes<\/strong> pr\u00e9vues.<\/p><p>\u00a0<\/p><p><img decoding=\"async\" class=\"wp-image-4767 aligncenter\" src=\"https:\/\/maquette.tontonmaboule.fr\/wp-content\/uploads\/2024\/11\/appel-telephonique-300x300.png\" alt=\"\" width=\"41\" height=\"41\" \/><\/p><p>06 51 07 98 42 ( <strong>Boutique des Minimes<\/strong> )<\/p><p>07 67 53 98 54 ( <strong>Boutique du Quai Valin<\/strong> )<\/p>\t\t\t\t\t\t\t\t<\/div>\n\t\t\t\t<\/div>\n\t\t\t\t<\/div>\n\t\t\t\t<\/div>\n\t\t<div class=\"elementor-element elementor-element-39c83b5f e-con-full e-flex wpr-particle-no wpr-jarallax-no wpr-parallax-no wpr-sticky-section-no e-con e-parent\" data-id=\"39c83b5f\" data-element_type=\"container\" data-settings=\"{&quot;background_background&quot;:&quot;classic&quot;,&quot;_ha_eqh_enable&quot;:false}\">\n\t\t<div class=\"elementor-element elementor-element-48bb983b e-con-full e-flex wpr-particle-no wpr-jarallax-no wpr-parallax-no wpr-sticky-section-no e-con e-child\" data-id=\"48bb983b\" data-element_type=\"container\" data-settings=\"{&quot;_ha_eqh_enable&quot;:false}\">\n\t\t<div class=\"elementor-element elementor-element-8b17f18 e-con-full e-flex wpr-particle-no wpr-jarallax-no wpr-parallax-no wpr-sticky-section-no e-con e-child\" data-id=\"8b17f18\" data-element_type=\"container\" data-settings=\"{&quot;background_background&quot;:&quot;classic&quot;,&quot;_ha_eqh_enable&quot;:false}\">\n\t\t\t\t<div class=\"elementor-element elementor-element-459aa52 elementor-widget__width-initial elementor-widget-mobile__width-initial elementor-widget elementor-widget-text-editor\" data-id=\"459aa52\" data-element_type=\"widget\" data-widget_type=\"text-editor.default\">\n\t\t\t\t<div class=\"elementor-widget-container\">\n\t\t\t\t\t\t\t\t\t<h3>Infos pratiques :<\/h3>\t\t\t\t\t\t\t\t<\/div>\n\t\t\t\t<\/div>\n\t\t\t\t<div class=\"elementor-element elementor-element-163754a5 elementor-widget__width-initial elementor-widget elementor-widget-text-editor\" data-id=\"163754a5\" data-element_type=\"widget\" data-widget_type=\"text-editor.default\">\n\t\t\t\t<div class=\"elementor-widget-container\">\n\t\t\t\t\t\t\t\t\t<ul><li>Si vous avez besoin d\u2019une facture nous avons la possibilit\u00e9 de vous imprimer le ticket de caisse avec la date, le d\u00e9tail des produits, la TVA, le num\u00e9ro de siret de l\u2019entreprise et son nom.<br \/><br \/><\/li><li>Nous offrons les glaces aux accompagnateurs<\/li><\/ul>\t\t\t\t\t\t\t\t<\/div>\n\t\t\t\t<\/div>\n\t\t\t\t<\/div>\n\t\t\t\t<\/div>\n\t\t<div class=\"elementor-element elementor-element-4ec9778d e-con-full e-flex wpr-particle-no wpr-jarallax-no wpr-parallax-no wpr-sticky-section-no e-con e-child\" data-id=\"4ec9778d\" data-element_type=\"container\" data-settings=\"{&quot;background_background&quot;:&quot;classic&quot;,&quot;_ha_eqh_enable&quot;:false}\">\n\t\t\t\t<div class=\"elementor-element elementor-element-690d2e90 elementor-widget__width-initial elementor-widget-mobile__width-initial elementor-widget elementor-widget-text-editor\" data-id=\"690d2e90\" data-element_type=\"widget\" data-widget_type=\"text-editor.default\">\n\t\t\t\t<div class=\"elementor-widget-container\">\n\t\t\t\t\t\t\t\t\t<h3>Conseils :<\/h3>\t\t\t\t\t\t\t\t<\/div>\n\t\t\t\t<\/div>\n\t\t\t\t<div class=\"elementor-element elementor-element-737dfc0f elementor-widget__width-initial elementor-widget elementor-widget-text-editor\" data-id=\"737dfc0f\" data-element_type=\"widget\" data-widget_type=\"text-editor.default\">\n\t\t\t\t<div class=\"elementor-widget-container\">\n\t\t\t\t\t\t\t\t\t<ul><li>Vous pouvez regarder la liste des parfums du jour en direct sur le site internet afin de faciliter votre commande ( <strong>attention \u00e0 s\u00e9lectionner la <\/strong><strong>bonne boutique<\/strong> )<br \/><br \/><\/li><li>Vous pouvez \u00e9galement choisir de commander toutes les glaces en pot ou en cornet pour l\u2019int\u00e9gralit\u00e9 du groupe. Sinon r\u00e9fl\u00e9chissez \u00e0 ce que vous souhaitez ( en terme de contenant et nombre de boules ) avant pour permettre aux \u00e9quipes de gagner du temps et de vous servir<br \/>plus vite.<\/li><\/ul>\t\t\t\t\t\t\t\t<\/div>\n\t\t\t\t<\/div>\n\t\t\t\t<\/div>\n\t\t\t\t<\/div>\n\t\t\t\t<\/div>\n\t\t","protected":false},"excerpt":{"rendered":"<p>Groupes Vous \u00eates un groupe ( \u00e9cole, asso, centre de loisirs&#8230;) et vous pr\u00e9voyez de venir manger une glace chez Tonton Maboule ? \u00a0 \u00a0 Retrouvez ci-dessous toutes les informations n\u00e9cessaires pour que votre venue se passe au mieux ! A savoir : 1 Si vous \u00eates moins de 10 personnes, pas besoin d\u2019organisation particuli\u00e8re ! 2 Choisissez quelle boutique vous convient le plus : La boutique des Minimes poss\u00e8de 2 terrasses et se situe \u00e0 deux pas dela plage. La boutique du Quai Valin n\u2019a pas de terrasse mais se situe en pleincentre ville, face au port et \u00e0 deux pas d\u2019un petit parc avec de quois\u2019assoir si besoin. ( Les deux boutiques poss\u00e8dent des acc\u00e8s handicap\u00e9s, mais seule la boutique des Minimes poss\u00e8de des toilettes. ) 3 Pr\u00e9venez la boutique choisie au moins 24h avant votre venue pour que nos\u00e9quipes puissent s\u2019organiser. Vous pourrez transmettre : la date et l\u2019heurede votre visite ( \u00e9viter les heures de rush soit 16h-18h si possible ) ainsi que lenombre de personnes pr\u00e9vues. \u00a0 06 51 07 98 42 ( Boutique des Minimes ) 07 67 53 98 54 ( Boutique du Quai Valin ) Infos pratiques : Si vous avez besoin d\u2019une facture nous avons la possibilit\u00e9 de vous imprimer le ticket de caisse avec la date, le d\u00e9tail des produits, la TVA, le num\u00e9ro de siret de l\u2019entreprise et son nom. Nous offrons les glaces aux accompagnateurs Conseils : Vous pouvez regarder la liste des parfums du jour en direct sur le site internet afin de faciliter votre commande ( attention \u00e0 s\u00e9lectionner la bonne boutique ) Vous pouvez \u00e9galement choisir de commander toutes les glaces en pot ou en cornet pour l\u2019int\u00e9gralit\u00e9 du groupe. Sinon r\u00e9fl\u00e9chissez \u00e0 ce que vous souhaitez ( en terme de contenant et nombre de boules ) avant pour permettre aux \u00e9quipes de gagner du temps et de vous servirplus vite.<\/p>\n","protected":false},"author":1,"featured_media":0,"parent":0,"menu_order":0,"comment_status":"closed","ping_status":"closed","template":"","meta":{"footnotes":""},"class_list":["post-4202","page","type-page","status-publish","hentry"],"_links":{"self":[{"href":"https:\/\/tontonmaboule.fr\/index.php?rest_route=\/wp\/v2\/pages\/4202","targetHints":{"allow":["GET"]}}],"collection":[{"href":"https:\/\/tontonmaboule.fr\/index.php?rest_route=\/wp\/v2\/pages"}],"about":[{"href":"https:\/\/tontonmaboule.fr\/index.php?rest_route=\/wp\/v2\/types\/page"}],"author":[{"embeddable":true,"href":"https:\/\/tontonmaboule.fr\/index.php?rest_route=\/wp\/v2\/users\/1"}],"replies":[{"embeddable":true,"href":"https:\/\/tontonmaboule.fr\/index.php?rest_route=%2Fwp%2Fv2%2Fcomments&post=4202"}],"version-history":[{"count":0,"href":"https:\/\/tontonmaboule.fr\/index.php?rest_route=\/wp\/v2\/pages\/4202\/revisions"}],"wp:attachment":[{"href":"https:\/\/tontonmaboule.fr\/index.php?rest_route=%2Fwp%2Fv2%2Fmedia&parent=4202"}],"curies":[{"name":"wp","href":"https:\/\/api.w.org\/{rel}","templated":true}]}}